{"id":19557,"date":"2020-05-27T11:09:15","date_gmt":"2020-05-27T08:09:15","guid":{"rendered":"https:\/\/enginerkal.com\/unsere-dienstleistungen\/"},"modified":"2025-09-16T11:01:57","modified_gmt":"2025-09-16T08:01:57","slug":"unsere-dienstleistungen","status":"publish","type":"page","link":"https:\/\/enginerkal.com\/de\/unsere-dienstleistungen\/","title":{"rendered":"Unsere Dienstleistungen"},"content":{"rendered":"\t\t<div data-elementor-type=\"wp-page\" data-elementor-id=\"19557\" class=\"elementor elementor-19557 elementor-3997\" data-elementor-post-type=\"page\">\n\t\t\t\t\t\t<section class=\"elementor-section elementor-top-section elementor-element elementor-element-5ce860d elementor-section-boxed elementor-section-height-default elementor-section-height-default sc_fly_static\" data-id=\"5ce860d\" data-element_type=\"section\">\n\t\t\t\t\t\t<div class=\"elementor-container elementor-column-gap-extended\">\n\t\t\t\t\t<div class=\"elementor-column elementor-col-100 elementor-top-column elementor-element elementor-element-36bbf9a sc_content_align_inherit sc_layouts_column_icons_position_left sc_fly_static\" data-id=\"36bbf9a\" data-element_type=\"column\">\n\t\t\t<div class=\"elementor-widget-wrap elementor-element-populated\">\n\t\t\t\t\t\t<div class=\"elementor-element elementor-element-2c41ddf sc_height_huge sc_fly_static elementor-widget elementor-widget-spacer\" data-id=\"2c41ddf\" data-element_type=\"widget\" data-widget_type=\"spacer.default\">\n\t\t\t\t<div class=\"elementor-widget-container\">\n\t\t\t\t\t\t\t<div class=\"elementor-spacer\">\n\t\t\t<div class=\"elementor-spacer-inner\"><\/div>\n\t\t<\/div>\n\t\t\t\t\t\t<\/div>\n\t\t\t\t<\/div>\n\t\t\t\t\t<\/div>\n\t\t<\/div>\n\t\t\t\t\t<\/div>\n\t\t<\/section>\n\t\t\t\t<section class=\"elementor-section elementor-top-section elementor-element elementor-element-4c2b2ac elementor-section-stretched elementor-section-content-top elementor-section-boxed elementor-section-height-default elementor-section-height-default sc_fly_static\" data-id=\"4c2b2ac\" data-element_type=\"section\" data-settings=\"{&quot;stretch_section&quot;:&quot;section-stretched&quot;,&quot;background_background&quot;:&quot;classic&quot;}\">\n\t\t\t\t\t\t<div class=\"elementor-container elementor-column-gap-extended\">\n\t\t\t\t\t<div class=\"elementor-column elementor-col-50 elementor-top-column elementor-element elementor-element-f6c451b sc_content_align_inherit sc_layouts_column_icons_position_left sc_fly_static\" data-id=\"f6c451b\" data-element_type=\"column\">\n\t\t\t<div class=\"elementor-widget-wrap elementor-element-populated\">\n\t\t\t\t\t\t<section class=\"elementor-section elementor-inner-section elementor-element elementor-element-3900445 elementor-section-content-bottom elementor-section-boxed elementor-section-height-default elementor-section-height-default sc_fly_static\" data-id=\"3900445\" data-element_type=\"section\">\n\t\t\t\t\t\t<div class=\"elementor-container elementor-column-gap-no\">\n\t\t\t\t\t<div class=\"elementor-column elementor-col-100 elementor-inner-column elementor-element elementor-element-db19c26 sc_content_align_inherit sc_layouts_column_icons_position_left sc_fly_static\" data-id=\"db19c26\" data-element_type=\"column\">\n\t\t\t<div class=\"elementor-widget-wrap elementor-element-populated\">\n\t\t\t\t\t\t<div class=\"elementor-element elementor-element-b082b50 elementor-widget__width-auto no-title sc_fly_static elementor-widget elementor-widget-image\" data-id=\"b082b50\" data-element_type=\"widget\" data-widget_type=\"image.default\">\n\t\t\t\t<div class=\"elementor-widget-container\">\n\t\t\t\t\t\t\t\t\t\t\t\t<figure class=\"wp-caption\">\n\t\t\t\t\t\t\t\t\t\t<img decoding=\"async\" src=\"https:\/\/enginerkal.com\/wp-content\/uploads\/elementor\/thumbs\/engin-erkal-r66omr8ciflq2qevt9nfj43pcmyk9xn4gulknw8y6q.jpg\" title=\"engin-erkal\" alt=\"engin-erkal\" loading=\"lazy\" \/>\t\t\t\t\t\t\t\t\t\t\t<figcaption class=\"widget-image-caption wp-caption-text\"><\/figcaption>\n\t\t\t\t\t\t\t\t\t\t<\/figure>\n\t\t\t\t\t\t\t\t\t<\/div>\n\t\t\t\t<\/div>\n\t\t\t\t<div class=\"elementor-element elementor-element-f349ffd sc_height_huge sc_layouts_hide_on_mobile sc_fly_static elementor-widget elementor-widget-spacer\" data-id=\"f349ffd\" data-element_type=\"widget\" data-widget_type=\"spacer.default\">\n\t\t\t\t<div class=\"elementor-widget-container\">\n\t\t\t\t\t\t\t<div class=\"elementor-spacer\">\n\t\t\t<div class=\"elementor-spacer-inner\"><\/div>\n\t\t<\/div>\n\t\t\t\t\t\t<\/div>\n\t\t\t\t<\/div>\n\t\t\t\t\t<\/div>\n\t\t<\/div>\n\t\t\t\t\t<\/div>\n\t\t<\/section>\n\t\t\t\t\t<\/div>\n\t\t<\/div>\n\t\t\t\t<div class=\"elementor-column elementor-col-50 elementor-top-column elementor-element elementor-element-8f0274b sc_content_align_inherit sc_layouts_column_icons_position_left sc_fly_static\" data-id=\"8f0274b\" data-element_type=\"column\">\n\t\t\t<div class=\"elementor-widget-wrap elementor-element-populated\">\n\t\t\t\t\t\t<div class=\"elementor-element elementor-element-9cb6308 sc_layouts_hide_on_tablet sc_fly_static elementor-widget elementor-widget-spacer\" data-id=\"9cb6308\" data-element_type=\"widget\" data-widget_type=\"spacer.default\">\n\t\t\t\t<div class=\"elementor-widget-container\">\n\t\t\t\t\t\t\t<div class=\"elementor-spacer\">\n\t\t\t<div class=\"elementor-spacer-inner\"><\/div>\n\t\t<\/div>\n\t\t\t\t\t\t<\/div>\n\t\t\t\t<\/div>\n\t\t\t\t<div class=\"elementor-element elementor-element-30b0c81 sc_fly_static elementor-widget elementor-widget-trx_sc_title\" data-id=\"30b0c81\" data-element_type=\"widget\" data-widget_type=\"trx_sc_title.default\">\n\t\t\t\t<div class=\"elementor-widget-container\">\n\t\t\t\t\t<div\t\tclass=\"sc_title color_style_dark sc_title_default\" ><span class=\"sc_item_subtitle sc_title_subtitle sc_item_subtitle_above sc_item_title_style_default\">Behandlungsplan<\/span><h2 class=\"sc_item_title sc_title_title sc_item_title_style_default sc_item_title_tag\"\n\t\t\t><span class=\"sc_item_title_text\">Beliebte Behandlungen<\/span><\/h2><\/div>\t\t\t\t<\/div>\n\t\t\t\t<\/div>\n\t\t\t\t<section class=\"elementor-section elementor-inner-section elementor-element elementor-element-c0ea740 elementor-section-full_width elementor-section-height-default elementor-section-height-default sc_fly_static\" data-id=\"c0ea740\" data-element_type=\"section\">\n\t\t\t\t\t\t<div class=\"elementor-container elementor-column-gap-no\">\n\t\t\t\t\t<div class=\"elementor-column elementor-col-100 elementor-inner-column elementor-element elementor-element-a319a6a sc_content_align_inherit sc_layouts_column_icons_position_left sc_fly_static\" data-id=\"a319a6a\" data-element_type=\"column\">\n\t\t\t<div class=\"elementor-widget-wrap elementor-element-populated\">\n\t\t\t\t\t\t<div class=\"elementor-element elementor-element-dd53eff sc_fly_static elementor-widget elementor-widget-text-editor\" data-id=\"dd53eff\" data-element_type=\"widget\" data-widget_type=\"text-editor.default\">\n\t\t\t\t<div class=\"elementor-widget-container\">\n\t\t\t\t\t\t\t\t\t<p>Das Herzst\u00fcck der Praxis von Dr. Engin Erkal ist ein einzigartiger Fokus: die Nase. Von offener und geschlossener Rhinoplastik bis hin zu komplexen Revisions- und Funktionseingriffen wie Septumplastik und endoskopischer Nasennebenh\u00f6hlenchirurgie ist jede Behandlung darauf ausgerichtet, sowohl Form als auch Funktion zu verbessern. Entdecken Sie personalisierte, hochpr\u00e4zise Nasenoperationen, die Ihnen helfen, besser zu atmen &#8211; und mehr Selbstvertrauen in Ihr Aussehen zu haben.<\/p>\t\t\t\t\t\t\t\t<\/div>\n\t\t\t\t<\/div>\n\t\t\t\t<div class=\"elementor-element elementor-element-f757b0a sc_fly_static elementor-widget elementor-widget-spacer\" data-id=\"f757b0a\" data-element_type=\"widget\" data-widget_type=\"spacer.default\">\n\t\t\t\t<div class=\"elementor-widget-container\">\n\t\t\t\t\t\t\t<div class=\"elementor-spacer\">\n\t\t\t<div class=\"elementor-spacer-inner\"><\/div>\n\t\t<\/div>\n\t\t\t\t\t\t<\/div>\n\t\t\t\t<\/div>\n\t\t\t\t<div class=\"elementor-element elementor-element-9799a0a sc_layouts_hide_on_wide sc_layouts_hide_on_desktop sc_layouts_hide_on_notebook sc_layouts_hide_on_tablet sc_fly_static elementor-widget elementor-widget-spacer\" data-id=\"9799a0a\" data-element_type=\"widget\" data-widget_type=\"spacer.default\">\n\t\t\t\t<div class=\"elementor-widget-container\">\n\t\t\t\t\t\t\t<div class=\"elementor-spacer\">\n\t\t\t<div class=\"elementor-spacer-inner\"><\/div>\n\t\t<\/div>\n\t\t\t\t\t\t<\/div>\n\t\t\t\t<\/div>\n\t\t\t\t\t<\/div>\n\t\t<\/div>\n\t\t\t\t\t<\/div>\n\t\t<\/section>\n\t\t\t\t\t<\/div>\n\t\t<\/div>\n\t\t\t\t\t<\/div>\n\t\t<\/section>\n\t\t\t\t<section class=\"elementor-section elementor-top-section elementor-element elementor-element-59fbeea elementor-section-stretched scheme_default elementor-section-boxed elementor-section-height-default elementor-section-height-default sc_fly_static\" data-id=\"59fbeea\" data-element_type=\"section\" data-settings=\"{&quot;stretch_section&quot;:&quot;section-stretched&quot;,&quot;background_background&quot;:&quot;classic&quot;}\">\n\t\t\t\t\t\t<div class=\"elementor-container elementor-column-gap-extended\">\n\t\t\t\t\t<div class=\"elementor-column elementor-col-100 elementor-top-column elementor-element elementor-element-89f7b57 sc_content_align_inherit sc_layouts_column_icons_position_left sc_fly_static\" data-id=\"89f7b57\" data-element_type=\"column\">\n\t\t\t<div class=\"elementor-widget-wrap elementor-element-populated\">\n\t\t\t\t\t\t<div class=\"elementor-element elementor-element-c5c3fc0 sc_fly_static elementor-widget elementor-widget-trx_sc_services\" data-id=\"c5c3fc0\" data-element_type=\"widget\" data-widget_type=\"trx_sc_services.default\">\n\t\t\t\t<div class=\"elementor-widget-container\">\n\t\t\t\t\t<div class=\"sc_services color_style_link2 sc_services_cool sc_services_featured_top\"><div class=\"sc_services_columns_wrap sc_item_columns sc_item_posts_container sc_item_columns_3 trx_addons_columns_wrap columns_padding_bottom columns_in_single_row\"><div class=\"trx_addons_column-1_3\"><div data-post-id=\"19573\" class=\"sc_services_item sc_item_container post_container with_content with_more with_image with_number post-19573 cpt_services type-cpt_services status-publish has-post-thumbnail hentry cpt_services_group-startseite\">\r\n\t\t<div class=\"sc_services_item_content \" style=\"background-image: url(https:\/\/enginerkal.com\/wp-content\/uploads\/2020\/04\/rhinoplasty-840x840.png);\">\r\n\t\t\t\t<div class=\"sc_services_item_content_inner\"><div class=\"sc_services_item_content_inner_top\"><span class=\"sc_services_item_number\">01.<\/span><\/div><div class=\"sc_services_item_content_inner_bottom\">\r\n                <h6 class=\"sc_services_item_title\"><a href=\"https:\/\/enginerkal.com\/de\/services\/nasenkorrektur\/\">Nasenkorrektur<\/a><\/h6>\r\n                <div class=\"sc_services_item_text\"><p>Eine offene Technik, die einen vollst\u00e4ndigen Zugang zu den Nasenstrukturen f\u00fcr eine detaillierte Umformung und Korrektur erm\u00f6glicht.<\/p>\n<\/div><div class=\"sc_services_item_button sc_item_button\">\r\n                    <a href=\"https:\/\/enginerkal.com\/de\/services\/nasenkorrektur\/\" class=\"sc_services_item_more_link\">\r\n                        <span class=\"link_text\">Mehr lesen<\/span><span class=\"link_icon\"><\/span>\r\n                    <\/a>\r\n                    <\/div><\/div><\/div><a class=\"sc_services_item_link\" href=\"https:\/\/enginerkal.com\/de\/services\/nasenkorrektur\/\"><\/a><\/div><\/div><\/div><div class=\"trx_addons_column-1_3\"><div data-post-id=\"19575\" class=\"sc_services_item sc_item_container post_container with_content with_more with_image with_number post-19575 cpt_services type-cpt_services status-publish has-post-thumbnail hentry cpt_services_group-startseite\">\r\n\t\t<div class=\"sc_services_item_content \" style=\"background-image: url(https:\/\/enginerkal.com\/wp-content\/uploads\/2020\/04\/closed-rhinoplasty-antalya-840x840.png);\">\r\n\t\t\t\t<div class=\"sc_services_item_content_inner\"><div class=\"sc_services_item_content_inner_top\"><span class=\"sc_services_item_number\">02.<\/span><\/div><div class=\"sc_services_item_content_inner_bottom\">\r\n                <h6 class=\"sc_services_item_title\"><a href=\"https:\/\/enginerkal.com\/de\/services\/geschlossene-nasenkorrektur-in-der-tuerkei\/\">Geschlossene Nasenkorrektur in der T\u00fcrkei<\/a><\/h6>\r\n                <div class=\"sc_services_item_text\"><p>Eine minimal-invasive Methode der Nasenkorrektur , die durch innere Schnitte ohne sichtbare Narben durchgef\u00fchrt wird.<\/p>\n<\/div><div class=\"sc_services_item_button sc_item_button\">\r\n                    <a href=\"https:\/\/enginerkal.com\/de\/services\/geschlossene-nasenkorrektur-in-der-tuerkei\/\" class=\"sc_services_item_more_link\">\r\n                        <span class=\"link_text\">Mehr lesen<\/span><span class=\"link_icon\"><\/span>\r\n                    <\/a>\r\n                    <\/div><\/div><\/div><a class=\"sc_services_item_link\" href=\"https:\/\/enginerkal.com\/de\/services\/geschlossene-nasenkorrektur-in-der-tuerkei\/\"><\/a><\/div><\/div><\/div><div class=\"trx_addons_column-1_3\"><div data-post-id=\"19576\" class=\"sc_services_item sc_item_container post_container with_content with_more with_image with_number post-19576 cpt_services type-cpt_services status-publish has-post-thumbnail hentry cpt_services_group-startseite\">\r\n\t\t<div class=\"sc_services_item_content \" style=\"background-image: url(https:\/\/enginerkal.com\/wp-content\/uploads\/2020\/04\/closed-rhinoplasty-840x840.png);\">\r\n\t\t\t\t<div class=\"sc_services_item_content_inner\"><div class=\"sc_services_item_content_inner_top\"><span class=\"sc_services_item_number\">03.<\/span><\/div><div class=\"sc_services_item_content_inner_bottom\">\r\n                <h6 class=\"sc_services_item_title\"><a href=\"https:\/\/enginerkal.com\/de\/services\/revision-nasenkorrektur\/\">Revision Nasenkorrektur<\/a><\/h6>\r\n                <div class=\"sc_services_item_text\"><p>Ein sekund\u00e4rer Eingriff zur Korrektur oder Verbesserung der Ergebnisse einer fr\u00fcheren Nasenoperation.<\/p>\n<\/div><div class=\"sc_services_item_button sc_item_button\">\r\n                    <a href=\"https:\/\/enginerkal.com\/de\/services\/revision-nasenkorrektur\/\" class=\"sc_services_item_more_link\">\r\n                        <span class=\"link_text\">Mehr lesen<\/span><span class=\"link_icon\"><\/span>\r\n                    <\/a>\r\n                    <\/div><\/div><\/div><a class=\"sc_services_item_link\" href=\"https:\/\/enginerkal.com\/de\/services\/revision-nasenkorrektur\/\"><\/a><\/div><\/div><\/div><\/div><\/div>\t\t\t\t<\/div>\n\t\t\t\t<\/div>\n\t\t\t\t<div class=\"elementor-element elementor-element-e3b5c4a sc_fly_static elementor-widget elementor-widget-trx_sc_services\" data-id=\"e3b5c4a\" data-element_type=\"widget\" data-widget_type=\"trx_sc_services.default\">\n\t\t\t\t<div class=\"elementor-widget-container\">\n\t\t\t\t\t<div class=\"sc_services color_style_link2 sc_services_cool sc_services_featured_top\"><div class=\"sc_services_columns_wrap sc_item_columns sc_item_posts_container sc_item_columns_3 trx_addons_columns_wrap columns_padding_bottom columns_in_single_row\"><div class=\"trx_addons_column-1_3\"><div data-post-id=\"19577\" class=\"sc_services_item sc_item_container post_container with_content with_more with_image with_number post-19577 cpt_services type-cpt_services status-publish has-post-thumbnail hentry cpt_services_group-uber\">\r\n\t\t<div class=\"sc_services_item_content \" style=\"background-image: url(https:\/\/enginerkal.com\/wp-content\/uploads\/2020\/04\/endoscopic-sinus-surgery-1-840x840.png);\">\r\n\t\t\t\t<div class=\"sc_services_item_content_inner\"><div class=\"sc_services_item_content_inner_top\"><span class=\"sc_services_item_number\">01.<\/span><\/div><div class=\"sc_services_item_content_inner_bottom\">\r\n                <h6 class=\"sc_services_item_title\"><a href=\"https:\/\/enginerkal.com\/de\/services\/endoskopische-nasennebenhoehlenchirurgie\/\">Endoskopische Nasennebenh\u00f6hlenchirurgie<\/a><\/h6>\r\n                <div class=\"sc_services_item_text\"><p>Eine minimalinvasive L\u00f6sung zur Behandlung chronischer Nasennebenh\u00f6hlenprobleme und zur Wiederherstellung eines gesunden Nasenluftstroms.<\/p>\n<\/div><div class=\"sc_services_item_button sc_item_button\">\r\n                    <a href=\"https:\/\/enginerkal.com\/de\/services\/endoskopische-nasennebenhoehlenchirurgie\/\" class=\"sc_services_item_more_link\">\r\n                        <span class=\"link_text\">Mehr lesen<\/span><span class=\"link_icon\"><\/span>\r\n                    <\/a>\r\n                    <\/div><\/div><\/div><a class=\"sc_services_item_link\" href=\"https:\/\/enginerkal.com\/de\/services\/endoskopische-nasennebenhoehlenchirurgie\/\"><\/a><\/div><\/div><\/div><div class=\"trx_addons_column-1_3\"><div data-post-id=\"19578\" class=\"sc_services_item sc_item_container post_container with_content with_more with_image with_number post-19578 cpt_services type-cpt_services status-publish has-post-thumbnail hentry cpt_services_group-uber\">\r\n\t\t<div class=\"sc_services_item_content \" style=\"background-image: url(https:\/\/enginerkal.com\/wp-content\/uploads\/2020\/04\/septoplasty-840x840.jpg);\">\r\n\t\t\t\t<div class=\"sc_services_item_content_inner\"><div class=\"sc_services_item_content_inner_top\"><span class=\"sc_services_item_number\">02.<\/span><\/div><div class=\"sc_services_item_content_inner_bottom\">\r\n                <h6 class=\"sc_services_item_title\"><a href=\"https:\/\/enginerkal.com\/de\/services\/septumplastik\/\">Septumplastik<\/a><\/h6>\r\n                <div class=\"sc_services_item_text\"><p>Ein chirurgischer Eingriff zur Korrektur einer Nasenscheidewandverkr\u00fcmmung und zur Verbesserung des Luftstroms durch die Nase.<\/p>\n<\/div><div class=\"sc_services_item_button sc_item_button\">\r\n                    <a href=\"https:\/\/enginerkal.com\/de\/services\/septumplastik\/\" class=\"sc_services_item_more_link\">\r\n                        <span class=\"link_text\">Mehr lesen<\/span><span class=\"link_icon\"><\/span>\r\n                    <\/a>\r\n                    <\/div><\/div><\/div><a class=\"sc_services_item_link\" href=\"https:\/\/enginerkal.com\/de\/services\/septumplastik\/\"><\/a><\/div><\/div><\/div><div class=\"trx_addons_column-1_3\"><div data-post-id=\"19579\" class=\"sc_services_item sc_item_container post_container with_content with_more with_image with_number post-19579 cpt_services type-cpt_services status-publish has-post-thumbnail hentry cpt_services_group-uber\">\r\n\t\t<div class=\"sc_services_item_content \" style=\"background-image: url(https:\/\/enginerkal.com\/wp-content\/uploads\/2020\/04\/concha-surgery-840x840.jpg);\">\r\n\t\t\t\t<div class=\"sc_services_item_content_inner\"><div class=\"sc_services_item_content_inner_top\"><span class=\"sc_services_item_number\">03.<\/span><\/div><div class=\"sc_services_item_content_inner_bottom\">\r\n                <h6 class=\"sc_services_item_title\"><a href=\"https:\/\/enginerkal.com\/de\/services\/concha-chirurgie\/\">Concha-Chirurgie<\/a><\/h6>\r\n                <div class=\"sc_services_item_text\"><p>Eine minimalinvasive Technik zur Verkleinerung vergr\u00f6\u00dferter Nasenmuscheln und zur Linderung chronischer Nasenverstopfung.<\/p>\n<\/div><div class=\"sc_services_item_button sc_item_button\">\r\n                    <a href=\"https:\/\/enginerkal.com\/de\/services\/concha-chirurgie\/\" class=\"sc_services_item_more_link\">\r\n                        <span class=\"link_text\">Mehr lesen<\/span><span class=\"link_icon\"><\/span>\r\n                    <\/a>\r\n                    <\/div><\/div><\/div><a class=\"sc_services_item_link\" href=\"https:\/\/enginerkal.com\/de\/services\/concha-chirurgie\/\"><\/a><\/div><\/div><\/div><\/div><\/div>\t\t\t\t<\/div>\n\t\t\t\t<\/div>\n\t\t\t\t\t<\/div>\n\t\t<\/div>\n\t\t\t\t\t<\/div>\n\t\t<\/section>\n\t\t\t\t<section class=\"elementor-section elementor-top-section elementor-element elementor-element-c606142 elementor-section-boxed elementor-section-height-default elementor-section-height-default sc_fly_static\" data-id=\"c606142\" data-element_type=\"section\">\n\t\t\t\t\t\t<div class=\"elementor-container elementor-column-gap-extended\">\n\t\t\t\t\t<div class=\"elementor-column elementor-col-50 elementor-top-column elementor-element elementor-element-4701f76 sc_content_align_inherit sc_layouts_column_icons_position_left sc_fly_static\" data-id=\"4701f76\" data-element_type=\"column\">\n\t\t\t<div class=\"elementor-widget-wrap elementor-element-populated\">\n\t\t\t\t\t\t<div class=\"elementor-element elementor-element-fe3d721 sc_fly_static elementor-widget elementor-widget-heading\" data-id=\"fe3d721\" data-element_type=\"widget\" data-widget_type=\"heading.default\">\n\t\t\t\t<div class=\"elementor-widget-container\">\n\t\t\t\t\t<h2 class=\"elementor-heading-title elementor-size-default\">Fragen Sie, was Sie interessiert!<\/h2>\t\t\t\t<\/div>\n\t\t\t\t<\/div>\n\t\t\t\t<div class=\"elementor-element elementor-element-381bdbb sc_fly_static elementor-widget elementor-widget-text-editor\" data-id=\"381bdbb\" data-element_type=\"widget\" data-widget_type=\"text-editor.default\">\n\t\t\t\t<div class=\"elementor-widget-container\">\n\t\t\t\t\t\t\t\t\t<p>Sie k\u00f6nnen uns kontaktieren, indem Sie das untenstehende Formular ausf\u00fcllen.<\/p>\t\t\t\t\t\t\t\t<\/div>\n\t\t\t\t<\/div>\n\t\t\t\t<div class=\"elementor-element elementor-element-c3fc4b5 elementor-align-left extra_hover elementor-list-item-link-inline elementor-icon-list--layout-traditional sc_fly_static elementor-widget elementor-widget-icon-list\" data-id=\"c3fc4b5\" data-element_type=\"widget\" data-widget_type=\"icon-list.default\">\n\t\t\t\t<div class=\"elementor-widget-container\">\n\t\t\t\t\t\t\t<ul class=\"elementor-icon-list-items\">\n\t\t\t\t\t\t\t<li class=\"elementor-icon-list-item\">\n\t\t\t\t\t\t\t\t\t\t\t<span class=\"elementor-icon-list-icon\">\n\t\t\t\t\t\t\t<i aria-hidden=\"true\" class=\"icon icon-phone1\"><\/i>\t\t\t\t\t\t<\/span>\n\t\t\t\t\t\t\t\t\t\t<span class=\"elementor-icon-list-text\">International:+49 176 41982565<\/span>\n\t\t\t\t\t\t\t\t\t<\/li>\n\t\t\t\t\t\t\t\t<li class=\"elementor-icon-list-item\">\n\t\t\t\t\t\t\t\t\t\t\t<span class=\"elementor-icon-list-icon\">\n\t\t\t\t\t\t\t<i aria-hidden=\"true\" class=\"icon icon-smartphone\"><\/i>\t\t\t\t\t\t<\/span>\n\t\t\t\t\t\t\t\t\t\t<span class=\"elementor-icon-list-text\">Mobil: 0533 931 86 88<\/span>\n\t\t\t\t\t\t\t\t\t<\/li>\n\t\t\t\t\t\t\t\t<li class=\"elementor-icon-list-item\">\n\t\t\t\t\t\t\t\t\t\t\t<span class=\"elementor-icon-list-icon\">\n\t\t\t\t\t\t\t<i aria-hidden=\"true\" class=\"icon icon-smartphone\"><\/i>\t\t\t\t\t\t<\/span>\n\t\t\t\t\t\t\t\t\t\t<span class=\"elementor-icon-list-text\">International:+49 176 41982565<\/span>\n\t\t\t\t\t\t\t\t\t<\/li>\n\t\t\t\t\t\t<\/ul>\n\t\t\t\t\t\t<\/div>\n\t\t\t\t<\/div>\n\t\t\t\t\t<\/div>\n\t\t<\/div>\n\t\t\t\t<div class=\"elementor-column elementor-col-50 elementor-top-column elementor-element elementor-element-77e2cf6 sc_content_align_inherit sc_layouts_column_icons_position_left sc_fly_static\" data-id=\"77e2cf6\" data-element_type=\"column\">\n\t\t\t<div class=\"elementor-widget-wrap elementor-element-populated\">\n\t\t\t\t\t\t<div class=\"elementor-element elementor-element-b4310c4 sc_fly_static elementor-widget elementor-widget-trx_sc_contact_form_7\" data-id=\"b4310c4\" data-element_type=\"widget\" data-widget_type=\"trx_sc_contact_form_7.default\">\n\t\t\t\t<div class=\"elementor-widget-container\">\n\t\t\t\t\t\n<div class=\"wpcf7 no-js\" id=\"wpcf7-f19807-o1\" lang=\"en-US\" dir=\"ltr\" data-wpcf7-id=\"19807\">\n<div class=\"screen-reader-response\"><p role=\"status\" aria-live=\"polite\" aria-atomic=\"true\"><\/p> <ul><\/ul><\/div>\n<form action=\"\/de\/wp-json\/wp\/v2\/pages\/19557#wpcf7-f19807-o1\" method=\"post\" class=\"wpcf7-form init\" aria-label=\"Contact form\" novalidate=\"novalidate\" data-status=\"init\">\n<fieldset class=\"hidden-fields-container\"><input type=\"hidden\" name=\"_wpcf7\" value=\"19807\" \/><input type=\"hidden\" name=\"_wpcf7_version\" value=\"6.1.1\" \/><input type=\"hidden\" name=\"_wpcf7_locale\" value=\"en_US\" \/><input type=\"hidden\" name=\"_wpcf7_unit_tag\" value=\"wpcf7-f19807-o1\" \/><input type=\"hidden\" name=\"_wpcf7_container_post\" value=\"0\" \/><input type=\"hidden\" name=\"_wpcf7_posted_data_hash\" value=\"\" \/>\n<\/fieldset>\n<div class=\"form-header\" style=\"text-align:center; margin-bottom:20px;\">\n\t<h3 style=\"font-size:22px; font-weight:600; color:#0d2d5b; margin-bottom:6px;\"><br \/>\nErhalten Sie Ihren Preis und Plan f\u00fcr eine Nasenkorrektur\n\t<\/h3>\n\t<p style=\"font-size:14px; color:#666; margin:0;\"><br \/>\nF\u00fcllen Sie das Formular aus \u2013 wir senden Ihr pers\u00f6nliches Angebot innerhalb einer Stunde.\n\t<\/p>\n<\/div>\n<p><label> Ihr Name<br \/>\n<span class=\"wpcf7-form-control-wrap\" data-name=\"your-name\"><input size=\"40\" maxlength=\"400\" class=\"wpcf7-form-control wpcf7-text wpcf7-validates-as-required\" autocomplete=\"name\" aria-required=\"true\" aria-invalid=\"false\" value=\"\" type=\"text\" name=\"your-name\" \/><\/span><br \/>\n<\/label>\n<\/p>\n<p><label> Ihre E-Mail<br \/>\n<span class=\"wpcf7-form-control-wrap\" data-name=\"your-email\"><input size=\"40\" maxlength=\"400\" class=\"wpcf7-form-control wpcf7-email wpcf7-validates-as-required wpcf7-text wpcf7-validates-as-email\" autocomplete=\"email\" aria-required=\"true\" aria-invalid=\"false\" value=\"\" type=\"email\" name=\"your-email\" \/><\/span><br \/>\n<\/label>\n<\/p>\n<p><label> Telefon<br \/>\n<span class=\"wpcf7-form-control-wrap\" data-name=\"phonetext-field\"><input size=\"40\" class=\"wpcf7-form-control wpcf7-phonetext wpcf7-text wpcf7-validates-as-phonetext\" aria-invalid=\"false\" placeholder=\"Telefonnummer hinzuf\u00fcgen\" value=\"\" type=\"text\" name=\"phonetext-field\" \/><input type=\"hidden\" name=\"phonetext-field-country-code\" class=\"wpcf7-phonetext-country-code\" \/><\/span><br \/>\n<\/label>\n<\/p>\n<p><input class=\"wpcf7-form-control wpcf7-submit has-spinner\" type=\"submit\" value=\"Kostenloses Angebot!\" \/>\n<\/p><div class=\"wpcf7-response-output\" aria-hidden=\"true\"><\/div>\n<\/form>\n<\/div>\n\t\t\t\t<\/div>\n\t\t\t\t<\/div>\n\t\t\t\t\t<\/div>\n\t\t<\/div>\n\t\t\t\t\t<\/div>\n\t\t<\/section>\n\t\t\t\t<\/div>\n\t\t","protected":false},"excerpt":{"rendered":"<p>Behandlungsplan Beliebte Behandlungen Das Herzst\u00fcck der Praxis von Dr. Engin Erkal ist ein einzigartiger Fokus:&hellip;<\/p>\n","protected":false},"author":1,"featured_media":0,"parent":0,"menu_order":0,"comment_status":"closed","ping_status":"closed","template":"","meta":{"footnotes":""},"class_list":["post-19557","page","type-page","status-publish","hentry"],"_links":{"self":[{"href":"https:\/\/enginerkal.com\/de\/wp-json\/wp\/v2\/pages\/19557","targetHints":{"allow":["GET"]}}],"collection":[{"href":"https:\/\/enginerkal.com\/de\/wp-json\/wp\/v2\/pages"}],"about":[{"href":"https:\/\/enginerkal.com\/de\/wp-json\/wp\/v2\/types\/page"}],"author":[{"embeddable":true,"href":"https:\/\/enginerkal.com\/de\/wp-json\/wp\/v2\/users\/1"}],"replies":[{"embeddable":true,"href":"https:\/\/enginerkal.com\/de\/wp-json\/wp\/v2\/comments?post=19557"}],"version-history":[{"count":7,"href":"https:\/\/enginerkal.com\/de\/wp-json\/wp\/v2\/pages\/19557\/revisions"}],"predecessor-version":[{"id":19817,"href":"https:\/\/enginerkal.com\/de\/wp-json\/wp\/v2\/pages\/19557\/revisions\/19817"}],"wp:attachment":[{"href":"https:\/\/enginerkal.com\/de\/wp-json\/wp\/v2\/media?parent=19557"}],"curies":[{"name":"wp","href":"https:\/\/api.w.org\/{rel}","templated":true}]}}